{"id":10253,"date":"2022-05-18T13:56:40","date_gmt":"2022-05-18T11:56:40","guid":{"rendered":"https:\/\/www.lurse.de\/?page_id=10253"},"modified":"2024-04-05T10:49:27","modified_gmt":"2024-04-05T08:49:27","slug":"p-live","status":"publish","type":"page","link":"https:\/\/www.lurse.de\/en\/digital-tools\/p-live\/","title":{"rendered":"P\u00b7LIVE"},"content":{"rendered":"<div class=\"wpb-content-wrapper\"><p>[vc_row][vc_column width=&#8221;5\/6&#8243;][vc_custom_heading source=&#8221;post_title&#8221; font_container=&#8221;tag:h1|text_align:left&#8221; use_theme_fonts=&#8221;yes&#8221;][vc_column_text]Lurse is the market leader in the digital optimization of administration processes. We simplify, and digitize the administration processes for benefits and retirement solutions in companies, insurance companies and investment banks.<\/p>\n<p>P\u00b7LIVE reduces the pension administration expenses and error incidence. The administration becomes automated, quick, efficient, transparent, and cost-effective. All data is collected and archived via a central database, so it is always available in real time. Status reports, statistics and ongoing reporting are available at a high quality with a single click. P<strong>\u00b7<\/strong>LIVE offers flexible models. You can choose among our full service, supported service, or software-as-a-service options.<\/p>\n<p>Please find further information on the <strong><a href=\"http:\/\/www.p-live.de\">P-LIVE<\/a> <\/strong>website.[\/vc_column_text][vc_single_image image=&#8221;7324&#8243; img_size=&#8221;large&#8221; onclick=&#8221;custom_link&#8221; img_link_target=&#8221;_blank&#8221; link=&#8221;https:\/\/www.p-live.de&#8221; css=&#8221;.vc_custom_1614864678561{margin-top: 30px !important;margin-bottom: 30px !important;}&#8221;][vc_column_text][\/vc_column_text][\/vc_column][vc_column width=&#8221;1\/6&#8243;][\/vc_column][vc_column][vc_column_text]&nbsp;[\/vc_column_text][\/vc_column][\/vc_row][vc_row][vc_column width=&#8221;5\/6&#8243;][\/vc_column][vc_column width=&#8221;1\/6&#8243;][\/vc_column][\/vc_row][vc_row][vc_column]            <div class=\"wolverine-heading style2 dark text-left \" >\r\n                                    <h2>Your Contacts<\/h2>\r\n                                <\/div>\r\n            [vc_row_inner][vc_column_inner width=&#8221;1\/3&#8243;]\t\t\t\t<div class=\"wolverine-ourteam style1 \" >\r\n\t\t\t\t\t<div class=\"row\">\r\n\t\t\t\t\t\t\t\t\t\t\t\t<div class=\"col-lg-12 col-md-12 col-sm-12  col-xs-12\">\r\n\t\t\t\t\t\t\t\t\t<div class=\"ourteam-item margin-bottom-40\">\r\n\t\t\t\t\t\t\t\t\t\t<div class=\"ourteam-avatar\">\r\n\t\t\t\t\t\t\t\t<img decoding=\"async\" class=\"\" src=\"https:\/\/www.lurse.de\/wp-content\/uploads\/2022\/06\/CK_5397_001_2000x2000-370x400.jpg\" width=\"370\" height=\"400\" alt=\"_CK_5397_001_2000x2000\" title=\"_CK_5397_001_2000x2000\" loading=\"lazy\" \/>\t\t\t\t\t\t\t\t\t\t\t<ul class=\"ourteam-social\">\r\n\t\t\t\t\t\t\t\t\t\t\t\t\t\t\t\t\t\t\t<\/ul>\r\n\t\t\t\t\t\t\t\t\t\t<\/div>\r\n\t\t\t\t\t\t\t\t\t\t<div class=\"ourteam-info\">\r\n\t\t\t\t\t\t\t\t\t\t\t<h4 class=\"h3 _ourteam-name\">Adelheid Lanz<\/h4>\r\n\t\t\t\t\t\t\t\t\t\t\t\t\t\t\t\t\t\t\t\t\t\t\t\t\t\t\t\t\t\t\t<p class=\"ourteam-email\"><a href=\"&#x6d;a&#x69;&#108;&#x74;&#111;:&#x61;&#100;&#x65;&#108;h&#x65;&#105;&#x64;&#46;l&#x61;n&#x7a;&#64;&#x6c;&#x75;r&#x73;&#101;&#x2e;&#100;e\">&#97;&#x64;&#x65;&#108;&#x68;&#x65;i&#x64;&#x2e;l&#97;&#x6e;z&#64;&#x6c;u&#114;&#x73;e&#46;&#x64;e<\/a><\/p>\t\t\t\t\t\t\t\t\t\t\t<p class=\"ourteam-phone\"><a href=\"tel:+49 89 1222341-0\">+49 89 1222341-0<\/a><\/p>\t\t\t\t\t\t\t\t\t\t\t\t\t\t\t\t\t\t\t\t\t\r\n\t\t\t\t\t\t\t\t\t\t<\/div>\r\n\t\t\t\t\t\t\t\t\t<\/div>\r\n\t\t\t\t\t\t\t\t<\/div>\r\n\t\t\t\t\t\t\t\t\t\t\t\t\t<\/div>\r\n\t\t\t\t\t<\/div>\r\n\t\t\t\t\t[\/vc_column_inner][vc_column_inner width=&#8221;1\/3&#8243;][\/vc_column_inner][vc_column_inner width=&#8221;1\/3&#8243;][\/vc_column_inner][\/vc_row_inner][\/vc_column][\/vc_row]<\/p>\n<\/div>","protected":false},"excerpt":{"rendered":"<p>[vc_row][vc_column width=&#8221;5\/6&#8243;][vc_custom_heading source=&#8221;post_title&#8221; font_container=&#8221;tag:h1|text_align:left&#8221; use_theme_fonts=&#8221;yes&#8221;][vc_column_text]Lurse is the market leader in the digital optimization of administration processes. We simplify, and digitize the administration processes for benefits and retirement solutions in companies, [&hellip;]<\/p>\n","protected":false},"author":16,"featured_media":6180,"parent":9583,"menu_order":1,"comment_status":"closed","ping_status":"closed","template":"","meta":{"_acf_changed":false,"inline_featured_image":false,"footnotes":""},"class_list":["post-10253","page","type-page","status-publish","has-post-thumbnail","hentry"],"acf":[],"yoast_head":"<!-- This site is optimized with the Yoast SEO plugin v27.3 - https:\/\/yoast.com\/product\/yoast-seo-wordpress\/ -->\n<title>P\u00b7LIVE - Lurse<\/title>\n<meta name=\"description\" content=\"Lurse verwaltet und digitalisiert Administrationsprozesse f\u00fcr alle Durchf\u00fchrungswege der bAV, Zeitwertkonten und Altersteilzeitl\u00f6sungen in Unternehmen, bei Versicherern und Fondsgesellschaften.\" \/>\n<meta name=\"robots\" content=\"index, follow, max-snippet:-1, max-image-preview:large, max-video-preview:-1\" \/>\n<link rel=\"canonical\" href=\"https:\/\/www.lurse.de\/en\/digital-tools\/p-live\/\" \/>\n<meta property=\"og:locale\" content=\"en_US\" \/>\n<meta property=\"og:type\" content=\"article\" \/>\n<meta property=\"og:title\" content=\"P\u00b7LIVE - Lurse\" \/>\n<meta property=\"og:description\" content=\"Lurse verwaltet und digitalisiert Administrationsprozesse f\u00fcr alle Durchf\u00fchrungswege der bAV, Zeitwertkonten und Altersteilzeitl\u00f6sungen in Unternehmen, bei Versicherern und Fondsgesellschaften.\" \/>\n<meta property=\"og:url\" content=\"https:\/\/www.lurse.de\/en\/digital-tools\/p-live\/\" \/>\n<meta property=\"og:site_name\" content=\"Lurse\" \/>\n<meta property=\"article:modified_time\" content=\"2024-04-05T08:49:27+00:00\" \/>\n<meta property=\"og:image\" content=\"https:\/\/www.lurse.de\/wp-content\/uploads\/2020\/10\/news_pressemitteilungen_2020_01_J8A8123_2000x1333.jpg\" \/>\n\t<meta property=\"og:image:width\" content=\"2000\" \/>\n\t<meta property=\"og:image:height\" content=\"1333\" \/>\n\t<meta property=\"og:image:type\" content=\"image\/jpeg\" \/>\n<meta name=\"twitter:card\" content=\"summary_large_image\" \/>\n<meta name=\"twitter:label1\" content=\"Est. reading time\" \/>\n\t<meta name=\"twitter:data1\" content=\"1 minute\" \/>\n<script type=\"application\/ld+json\" class=\"yoast-schema-graph\">{\"@context\":\"https:\\\/\\\/schema.org\",\"@graph\":[{\"@type\":\"WebPage\",\"@id\":\"https:\\\/\\\/www.lurse.de\\\/en\\\/digital-tools\\\/p-live\\\/\",\"url\":\"https:\\\/\\\/www.lurse.de\\\/en\\\/digital-tools\\\/p-live\\\/\",\"name\":\"P\u00b7LIVE - Lurse\",\"isPartOf\":{\"@id\":\"https:\\\/\\\/www.lurse.de\\\/en\\\/#website\"},\"primaryImageOfPage\":{\"@id\":\"https:\\\/\\\/www.lurse.de\\\/en\\\/digital-tools\\\/p-live\\\/#primaryimage\"},\"image\":{\"@id\":\"https:\\\/\\\/www.lurse.de\\\/en\\\/digital-tools\\\/p-live\\\/#primaryimage\"},\"thumbnailUrl\":\"https:\\\/\\\/www.lurse.de\\\/wp-content\\\/uploads\\\/2020\\\/10\\\/news_pressemitteilungen_2020_01_J8A8123_2000x1333.jpg\",\"datePublished\":\"2022-05-18T11:56:40+00:00\",\"dateModified\":\"2024-04-05T08:49:27+00:00\",\"description\":\"Lurse verwaltet und digitalisiert Administrationsprozesse f\u00fcr alle Durchf\u00fchrungswege der bAV, Zeitwertkonten und Altersteilzeitl\u00f6sungen in Unternehmen, bei Versicherern und Fondsgesellschaften.\",\"breadcrumb\":{\"@id\":\"https:\\\/\\\/www.lurse.de\\\/en\\\/digital-tools\\\/p-live\\\/#breadcrumb\"},\"inLanguage\":\"en-US\",\"potentialAction\":[{\"@type\":\"ReadAction\",\"target\":[\"https:\\\/\\\/www.lurse.de\\\/en\\\/digital-tools\\\/p-live\\\/\"]}]},{\"@type\":\"ImageObject\",\"inLanguage\":\"en-US\",\"@id\":\"https:\\\/\\\/www.lurse.de\\\/en\\\/digital-tools\\\/p-live\\\/#primaryimage\",\"url\":\"https:\\\/\\\/www.lurse.de\\\/wp-content\\\/uploads\\\/2020\\\/10\\\/news_pressemitteilungen_2020_01_J8A8123_2000x1333.jpg\",\"contentUrl\":\"https:\\\/\\\/www.lurse.de\\\/wp-content\\\/uploads\\\/2020\\\/10\\\/news_pressemitteilungen_2020_01_J8A8123_2000x1333.jpg\",\"width\":2000,\"height\":1333},{\"@type\":\"BreadcrumbList\",\"@id\":\"https:\\\/\\\/www.lurse.de\\\/en\\\/digital-tools\\\/p-live\\\/#breadcrumb\",\"itemListElement\":[{\"@type\":\"ListItem\",\"position\":1,\"name\":\"Home\",\"item\":\"https:\\\/\\\/www.lurse.de\\\/en\\\/\"},{\"@type\":\"ListItem\",\"position\":2,\"name\":\"Digital Tools\",\"item\":\"https:\\\/\\\/www.lurse.de\\\/en\\\/digital-tools\\\/\"},{\"@type\":\"ListItem\",\"position\":3,\"name\":\"P\u00b7LIVE\"}]},{\"@type\":\"WebSite\",\"@id\":\"https:\\\/\\\/www.lurse.de\\\/en\\\/#website\",\"url\":\"https:\\\/\\\/www.lurse.de\\\/en\\\/\",\"name\":\"Lurse\",\"description\":\"Erfolg durch strategisches Personalmanagement\",\"publisher\":{\"@id\":\"https:\\\/\\\/www.lurse.de\\\/en\\\/#organization\"},\"potentialAction\":[{\"@type\":\"SearchAction\",\"target\":{\"@type\":\"EntryPoint\",\"urlTemplate\":\"https:\\\/\\\/www.lurse.de\\\/en\\\/?s={search_term_string}\"},\"query-input\":{\"@type\":\"PropertyValueSpecification\",\"valueRequired\":true,\"valueName\":\"search_term_string\"}}],\"inLanguage\":\"en-US\"},{\"@type\":\"Organization\",\"@id\":\"https:\\\/\\\/www.lurse.de\\\/en\\\/#organization\",\"name\":\"Lurse AG\",\"url\":\"https:\\\/\\\/www.lurse.de\\\/en\\\/\",\"logo\":{\"@type\":\"ImageObject\",\"inLanguage\":\"en-US\",\"@id\":\"https:\\\/\\\/www.lurse.de\\\/en\\\/#\\\/schema\\\/logo\\\/image\\\/\",\"url\":\"https:\\\/\\\/www.lurse.de\\\/wp-content\\\/uploads\\\/2017\\\/12\\\/LUR_WBM_POS_3C.png\",\"contentUrl\":\"https:\\\/\\\/www.lurse.de\\\/wp-content\\\/uploads\\\/2017\\\/12\\\/LUR_WBM_POS_3C.png\",\"width\":514,\"height\":289,\"caption\":\"Lurse AG\"},\"image\":{\"@id\":\"https:\\\/\\\/www.lurse.de\\\/en\\\/#\\\/schema\\\/logo\\\/image\\\/\"},\"sameAs\":[\"https:\\\/\\\/www.linkedin.com\\\/company\\\/lurse-ag\"]}]}<\/script>\n<!-- \/ Yoast SEO plugin. -->","yoast_head_json":{"title":"P\u00b7LIVE - Lurse","description":"Lurse verwaltet und digitalisiert Administrationsprozesse f\u00fcr alle Durchf\u00fchrungswege der bAV, Zeitwertkonten und Altersteilzeitl\u00f6sungen in Unternehmen, bei Versicherern und Fondsgesellschaften.","robots":{"index":"index","follow":"follow","max-snippet":"max-snippet:-1","max-image-preview":"max-image-preview:large","max-video-preview":"max-video-preview:-1"},"canonical":"https:\/\/www.lurse.de\/en\/digital-tools\/p-live\/","og_locale":"en_US","og_type":"article","og_title":"P\u00b7LIVE - Lurse","og_description":"Lurse verwaltet und digitalisiert Administrationsprozesse f\u00fcr alle Durchf\u00fchrungswege der bAV, Zeitwertkonten und Altersteilzeitl\u00f6sungen in Unternehmen, bei Versicherern und Fondsgesellschaften.","og_url":"https:\/\/www.lurse.de\/en\/digital-tools\/p-live\/","og_site_name":"Lurse","article_modified_time":"2024-04-05T08:49:27+00:00","og_image":[{"width":2000,"height":1333,"url":"https:\/\/www.lurse.de\/wp-content\/uploads\/2020\/10\/news_pressemitteilungen_2020_01_J8A8123_2000x1333.jpg","type":"image\/jpeg"}],"twitter_card":"summary_large_image","twitter_misc":{"Est. reading time":"1 minute"},"schema":{"@context":"https:\/\/schema.org","@graph":[{"@type":"WebPage","@id":"https:\/\/www.lurse.de\/en\/digital-tools\/p-live\/","url":"https:\/\/www.lurse.de\/en\/digital-tools\/p-live\/","name":"P\u00b7LIVE - Lurse","isPartOf":{"@id":"https:\/\/www.lurse.de\/en\/#website"},"primaryImageOfPage":{"@id":"https:\/\/www.lurse.de\/en\/digital-tools\/p-live\/#primaryimage"},"image":{"@id":"https:\/\/www.lurse.de\/en\/digital-tools\/p-live\/#primaryimage"},"thumbnailUrl":"https:\/\/www.lurse.de\/wp-content\/uploads\/2020\/10\/news_pressemitteilungen_2020_01_J8A8123_2000x1333.jpg","datePublished":"2022-05-18T11:56:40+00:00","dateModified":"2024-04-05T08:49:27+00:00","description":"Lurse verwaltet und digitalisiert Administrationsprozesse f\u00fcr alle Durchf\u00fchrungswege der bAV, Zeitwertkonten und Altersteilzeitl\u00f6sungen in Unternehmen, bei Versicherern und Fondsgesellschaften.","breadcrumb":{"@id":"https:\/\/www.lurse.de\/en\/digital-tools\/p-live\/#breadcrumb"},"inLanguage":"en-US","potentialAction":[{"@type":"ReadAction","target":["https:\/\/www.lurse.de\/en\/digital-tools\/p-live\/"]}]},{"@type":"ImageObject","inLanguage":"en-US","@id":"https:\/\/www.lurse.de\/en\/digital-tools\/p-live\/#primaryimage","url":"https:\/\/www.lurse.de\/wp-content\/uploads\/2020\/10\/news_pressemitteilungen_2020_01_J8A8123_2000x1333.jpg","contentUrl":"https:\/\/www.lurse.de\/wp-content\/uploads\/2020\/10\/news_pressemitteilungen_2020_01_J8A8123_2000x1333.jpg","width":2000,"height":1333},{"@type":"BreadcrumbList","@id":"https:\/\/www.lurse.de\/en\/digital-tools\/p-live\/#breadcrumb","itemListElement":[{"@type":"ListItem","position":1,"name":"Home","item":"https:\/\/www.lurse.de\/en\/"},{"@type":"ListItem","position":2,"name":"Digital Tools","item":"https:\/\/www.lurse.de\/en\/digital-tools\/"},{"@type":"ListItem","position":3,"name":"P\u00b7LIVE"}]},{"@type":"WebSite","@id":"https:\/\/www.lurse.de\/en\/#website","url":"https:\/\/www.lurse.de\/en\/","name":"Lurse","description":"Erfolg durch strategisches Personalmanagement","publisher":{"@id":"https:\/\/www.lurse.de\/en\/#organization"},"potentialAction":[{"@type":"SearchAction","target":{"@type":"EntryPoint","urlTemplate":"https:\/\/www.lurse.de\/en\/?s={search_term_string}"},"query-input":{"@type":"PropertyValueSpecification","valueRequired":true,"valueName":"search_term_string"}}],"inLanguage":"en-US"},{"@type":"Organization","@id":"https:\/\/www.lurse.de\/en\/#organization","name":"Lurse AG","url":"https:\/\/www.lurse.de\/en\/","logo":{"@type":"ImageObject","inLanguage":"en-US","@id":"https:\/\/www.lurse.de\/en\/#\/schema\/logo\/image\/","url":"https:\/\/www.lurse.de\/wp-content\/uploads\/2017\/12\/LUR_WBM_POS_3C.png","contentUrl":"https:\/\/www.lurse.de\/wp-content\/uploads\/2017\/12\/LUR_WBM_POS_3C.png","width":514,"height":289,"caption":"Lurse AG"},"image":{"@id":"https:\/\/www.lurse.de\/en\/#\/schema\/logo\/image\/"},"sameAs":["https:\/\/www.linkedin.com\/company\/lurse-ag"]}]}},"_links":{"self":[{"href":"https:\/\/www.lurse.de\/en\/wp-json\/wp\/v2\/pages\/10253","targetHints":{"allow":["GET"]}}],"collection":[{"href":"https:\/\/www.lurse.de\/en\/wp-json\/wp\/v2\/pages"}],"about":[{"href":"https:\/\/www.lurse.de\/en\/wp-json\/wp\/v2\/types\/page"}],"author":[{"embeddable":true,"href":"https:\/\/www.lurse.de\/en\/wp-json\/wp\/v2\/users\/16"}],"replies":[{"embeddable":true,"href":"https:\/\/www.lurse.de\/en\/wp-json\/wp\/v2\/comments?post=10253"}],"version-history":[{"count":6,"href":"https:\/\/www.lurse.de\/en\/wp-json\/wp\/v2\/pages\/10253\/revisions"}],"predecessor-version":[{"id":14037,"href":"https:\/\/www.lurse.de\/en\/wp-json\/wp\/v2\/pages\/10253\/revisions\/14037"}],"up":[{"embeddable":true,"href":"https:\/\/www.lurse.de\/en\/wp-json\/wp\/v2\/pages\/9583"}],"wp:featuredmedia":[{"embeddable":true,"href":"https:\/\/www.lurse.de\/en\/wp-json\/wp\/v2\/media\/6180"}],"wp:attachment":[{"href":"https:\/\/www.lurse.de\/en\/wp-json\/wp\/v2\/media?parent=10253"}],"curies":[{"name":"wp","href":"https:\/\/api.w.org\/{rel}","templated":true}]}}